{"id":8,"date":"2025-02-19T16:33:46","date_gmt":"2025-02-19T16:33:46","guid":{"rendered":"https:\/\/anderscreative.pl\/?page_id=8"},"modified":"2026-01-12T13:22:41","modified_gmt":"2026-01-12T13:22:41","slug":"home","status":"publish","type":"page","link":"https:\/\/anderscreative.pl\/","title":{"rendered":"Home"},"content":{"rendered":"\n<p>Z pasj\u0105 i kreatywno\u015bci\u0105 realizuj\u0119 profesjonalne foto i wideo, tworz\u0105c tre\u015bci, kt\u00f3re przyci\u0105gaj\u0105 uwag\u0119 i buduj\u0105 emocje. Wsp\u00f3\u0142pracuj\u0119 z do\u015bwiadczonymi tw\u00f3rcami, by ka\u017cda produkcja by\u0142a na najwy\u017cszym poziomie. <\/p>\n\n\n\n<p>Od dynamicznych reels\u00f3w po anga\u017cuj\u0105ce filmy promocyjne \u2013 pomagam markom i wydarzeniom wyr\u00f3\u017cni\u0107 si\u0119 w \u015bwiecie wizualnych opowie\u015bci.<\/p>\n\n\n\n<iframe class=\"Showreel\" src=\"https:\/\/drive.google.com\/file\/d\/1hs6NQB4XRwtwRXXddQ03QEve_dE9jOSm\/preview\" allow=\"autoplay\"><\/iframe>\n\n\n\n<p><\/p>\n","protected":false},"excerpt":{"rendered":"<p>Z pasj\u0105 i kreatywno\u015bci\u0105 realizuj\u0119 profesjonalne foto i wideo, tworz\u0105c tre\u015bci, kt\u00f3re przyci\u0105gaj\u0105 uwag\u0119 i buduj\u0105 emocje. Wsp\u00f3\u0142pracuj\u0119 z do\u015bwiadczonymi tw\u00f3rcami, by ka\u017cda produkcja by\u0142a na najwy\u017cszym poziomie. Od dynamicznych reels\u00f3w po anga\u017cuj\u0105ce filmy promocyjne \u2013 pomagam markom i wydarzeniom wyr\u00f3\u017cni\u0107 si\u0119 w \u015bwiecie wizualnych opowie\u015bci.<\/p>\n","protected":false},"author":2,"featured_media":0,"parent":0,"menu_order":0,"comment_status":"closed","ping_status":"closed","template":"","meta":{"footnotes":""},"class_list":["post-8","page","type-page","status-publish","hentry"],"_links":{"self":[{"href":"https:\/\/anderscreative.pl\/index.php?rest_route=\/wp\/v2\/pages\/8","targetHints":{"allow":["GET"]}}],"collection":[{"href":"https:\/\/anderscreative.pl\/index.php?rest_route=\/wp\/v2\/pages"}],"about":[{"href":"https:\/\/anderscreative.pl\/index.php?rest_route=\/wp\/v2\/types\/page"}],"author":[{"embeddable":true,"href":"https:\/\/anderscreative.pl\/index.php?rest_route=\/wp\/v2\/users\/2"}],"replies":[{"embeddable":true,"href":"https:\/\/anderscreative.pl\/index.php?rest_route=%2Fwp%2Fv2%2Fcomments&post=8"}],"version-history":[{"count":6,"href":"https:\/\/anderscreative.pl\/index.php?rest_route=\/wp\/v2\/pages\/8\/revisions"}],"predecessor-version":[{"id":70,"href":"https:\/\/anderscreative.pl\/index.php?rest_route=\/wp\/v2\/pages\/8\/revisions\/70"}],"wp:attachment":[{"href":"https:\/\/anderscreative.pl\/index.php?rest_route=%2Fwp%2Fv2%2Fmedia&parent=8"}],"curies":[{"name":"wp","href":"https:\/\/api.w.org\/{rel}","templated":true}]}}